{"id":22787,"date":"2026-02-02T11:07:26","date_gmt":"2026-02-02T10:07:26","guid":{"rendered":"https:\/\/shop.riversidegolf.hr\/company-information\/"},"modified":"2026-03-17T09:14:41","modified_gmt":"2026-03-17T08:14:41","slug":"company-information","status":"publish","type":"page","link":"https:\/\/shop.riversidegolf.hr\/en\/company-information\/","title":{"rendered":"Company Information"},"content":{"rendered":"\t\t<div data-elementor-type=\"wp-page\" data-elementor-id=\"22787\" class=\"elementor elementor-22787 elementor-22314\">\n\t\t\t\t\t\t<section class=\"elementor-section elementor-top-section elementor-element elementor-element-bea4d9d elementor-section-boxed elementor-section-height-default elementor-section-height-default sc_fly_static\" data-id=\"bea4d9d\" data-element_type=\"section\" data-e-type=\"section\">\n\t\t\t\t\t\t<div class=\"elementor-container elementor-column-gap-extended\">\n\t\t\t\t\t<div class=\"elementor-column elementor-col-100 elementor-top-column elementor-element elementor-element-1a600a1 sc_content_align_inherit sc_layouts_column_icons_position_left sc_fly_static\" data-id=\"1a600a1\" data-element_type=\"column\" data-e-type=\"column\">\n\t\t\t<div class=\"elementor-widget-wrap elementor-element-populated\">\n\t\t\t\t\t\t<div class=\"elementor-element elementor-element-26964f4 sc_fly_static elementor-widget elementor-widget-heading\" data-id=\"26964f4\" data-element_type=\"widget\" data-e-type=\"widget\" data-widget_type=\"heading.default\">\n\t\t\t\t<div class=\"elementor-widget-container\">\n\t\t\t\t\t<h3 class=\"elementor-heading-title elementor-size-default\">RIVERSIDE GOLF ZAGREB d.o.o<\/h3>\t\t\t\t<\/div>\n\t\t\t\t<\/div>\n\t\t\t\t<div class=\"elementor-element elementor-element-7dd579f sc_fly_static elementor-widget elementor-widget-text-editor\" data-id=\"7dd579f\" data-element_type=\"widget\" data-e-type=\"widget\" data-widget_type=\"text-editor.default\">\n\t\t\t\t<div class=\"elementor-widget-container\">\n\t\t\t\t\t\t\t\t\t<p><strong>Company name and abbreviated name:<\/strong> RIVERSIDE GOLF ZAGREB dru\u0161tvo s ograni\u010denom odgovorno\u0161\u0107u za usluge, RIVERSIDE GOLF ZAGREB d.o.o<\/p><p><strong>Registered office:<\/strong> Zagreb (City of Zagreb), Strojarska cesta 20<\/p><p><strong>Point of sale address:<\/strong> Jadranska avenija 6, 10020 Zagreb<\/p><p><strong>Tax ID (OIB):<\/strong> 13671084943<\/p><p><strong>Registration number (MB):<\/strong> 81107901<\/p><p><strong>Name and registered office of the institution holding the account and account number:<br><\/strong>Hrvatska Po\u0161tanska banka, Zagreb<br><strong style=\"font-size: 17px;\">IBAN:<\/strong><span style=\"font-size: 17px;\"> HR4023900011101010067<\/span><\/p><p><strong>Registry court:<\/strong> Commercial Court in Zagreb<\/p><p><strong>Number under which the company is registered in the Court Register:<\/strong> 081107901<\/p><p><strong>Surname and at least one given name of the member of the Management Board:<\/strong> ANTUN MIKEC, Tax ID: 79487625736, Zagreb, Pantov\u010dak 166 &#8211; sole founder<\/p><p><strong>Amount of share capital and whether it has been paid in full:<\/strong> \u20ac13,272.28<\/p><p><strong>Contact number:<\/strong> <a href=\"tel:+38516531177\">+385 1 653 1177<\/a><\/p><p><strong>Email address:<\/strong> <a href=\"mailto:info@riversidegolf.hr\">info@riversidegolf.hr<\/a><\/p>\t\t\t\t\t\t\t\t<\/div>\n\t\t\t\t<\/div>\n\t\t\t\t\t<\/div>\n\t\t<\/div>\n\t\t\t\t\t<\/div>\n\t\t<\/section>\n\t\t\t\t<\/div>\n\t\t","protected":false},"excerpt":{"rendered":"<p>RIVERSIDE GOLF ZAGREB d.o.o Company name and abbreviated name: RIVERSIDE GOLF ZAGREB dru\u0161tvo s ograni\u010denom odgovorno\u0161\u0107u za usluge, RIVERSIDE GOLF ZAGREB d.o.o Registered office: Zagreb (City of Zagreb), Strojarska cesta&hellip;<\/p>\n","protected":false},"author":1,"featured_media":0,"parent":0,"menu_order":0,"comment_status":"closed","ping_status":"closed","template":"","meta":{"inline_featured_image":false,"footnotes":""},"class_list":["post-22787","page","type-page","status-publish","hentry"],"_links":{"self":[{"href":"https:\/\/shop.riversidegolf.hr\/en\/wp-json\/wp\/v2\/pages\/22787","targetHints":{"allow":["GET"]}}],"collection":[{"href":"https:\/\/shop.riversidegolf.hr\/en\/wp-json\/wp\/v2\/pages"}],"about":[{"href":"https:\/\/shop.riversidegolf.hr\/en\/wp-json\/wp\/v2\/types\/page"}],"author":[{"embeddable":true,"href":"https:\/\/shop.riversidegolf.hr\/en\/wp-json\/wp\/v2\/users\/1"}],"replies":[{"embeddable":true,"href":"https:\/\/shop.riversidegolf.hr\/en\/wp-json\/wp\/v2\/comments?post=22787"}],"version-history":[{"count":1,"href":"https:\/\/shop.riversidegolf.hr\/en\/wp-json\/wp\/v2\/pages\/22787\/revisions"}],"predecessor-version":[{"id":22788,"href":"https:\/\/shop.riversidegolf.hr\/en\/wp-json\/wp\/v2\/pages\/22787\/revisions\/22788"}],"wp:attachment":[{"href":"https:\/\/shop.riversidegolf.hr\/en\/wp-json\/wp\/v2\/media?parent=22787"}],"curies":[{"name":"wp","href":"https:\/\/api.w.org\/{rel}","templated":true}]}}